{"id":3793,"date":"2021-01-26T20:38:33","date_gmt":"2021-01-26T18:38:33","guid":{"rendered":"https:\/\/onlineacademy.novakdjokovicfoundation.org\/smiljana-grujic\/"},"modified":"2022-12-14T13:39:20","modified_gmt":"2022-12-14T11:39:20","slug":"smiljana-grujic","status":"publish","type":"page","link":"https:\/\/onlineacademy.novakdjokovicfoundation.org\/en\/smiljana-grujic\/","title":{"rendered":"Smiljana Grujic"},"content":{"rendered":"\t\t<div data-elementor-type=\"wp-page\" data-elementor-id=\"3793\" class=\"elementor elementor-3793 elementor-1980\" data-elementor-post-type=\"page\">\n\t\t\t\t\t\t<section class=\"elementor-section elementor-top-section elementor-element elementor-element-aebf320 elementor-section-boxed elementor-section-height-default elementor-section-height-default\" data-id=\"aebf320\" data-element_type=\"section\" data-e-type=\"section\">\n\t\t\t\t\t\t<div class=\"elementor-container elementor-column-gap-default\">\n\t\t\t\t\t<div class=\"elementor-column elementor-col-50 elementor-top-column elementor-element elementor-element-ad52d4f\" data-id=\"ad52d4f\" data-element_type=\"column\" data-e-type=\"column\">\n\t\t\t<div class=\"elementor-widget-wrap elementor-element-populated\">\n\t\t\t\t\t\t<div class=\"elementor-element elementor-element-a0964c1 elementor-widget elementor-widget-image\" data-id=\"a0964c1\" data-element_type=\"widget\" data-e-type=\"widget\" data-widget_type=\"image.default\">\n\t\t\t\t<div class=\"elementor-widget-container\">\n\t\t\t\t\t\t\t\t\t\t\t\t\t\t\t<img fetchpriority=\"high\" decoding=\"async\" width=\"800\" height=\"600\" src=\"https:\/\/onlineacademy.novakdjokovicfoundation.org\/wp-content\/uploads\/2022\/11\/Untitled-design.png\" class=\"attachment-large size-large wp-image-3756\" alt=\"\" srcset=\"https:\/\/onlineacademy.novakdjokovicfoundation.org\/wp-content\/uploads\/2022\/11\/Untitled-design.png 800w, https:\/\/onlineacademy.novakdjokovicfoundation.org\/wp-content\/uploads\/2022\/11\/Untitled-design-300x225.png 300w, https:\/\/onlineacademy.novakdjokovicfoundation.org\/wp-content\/uploads\/2022\/11\/Untitled-design-768x576.png 768w, https:\/\/onlineacademy.novakdjokovicfoundation.org\/wp-content\/uploads\/2022\/11\/Untitled-design-400x300.png 400w, https:\/\/onlineacademy.novakdjokovicfoundation.org\/wp-content\/uploads\/2022\/11\/Untitled-design-245x184.png 245w, https:\/\/onlineacademy.novakdjokovicfoundation.org\/wp-content\/uploads\/2022\/11\/Untitled-design-447x335.png 447w\" sizes=\"(max-width: 800px) 100vw, 800px\" \/>\t\t\t\t\t\t\t\t\t\t\t\t\t\t\t<\/div>\n\t\t\t\t<\/div>\n\t\t\t\t\t<\/div>\n\t\t<\/div>\n\t\t\t\t<div class=\"elementor-column elementor-col-50 elementor-top-column elementor-element elementor-element-ce467af\" data-id=\"ce467af\" data-element_type=\"column\" data-e-type=\"column\">\n\t\t\t<div class=\"elementor-widget-wrap elementor-element-populated\">\n\t\t\t\t\t\t<div class=\"elementor-element elementor-element-639bb0a elementor-widget elementor-widget-text-editor\" data-id=\"639bb0a\" data-element_type=\"widget\" data-e-type=\"widget\" data-widget_type=\"text-editor.default\">\n\t\t\t\t<div class=\"elementor-widget-container\">\n\t\t\t\t\t\t\t\t\t<p>Smiljana Grujic is the program manager, psychologist, and psychotherapist of the Novak Djokovic Foundation. Her focus of interest is compassionate communication and emotion management. She is a member of the Serbian Association of Psychologists within the Ministry of Education, Science and Technological Development, certified to work with children in schools and state institutions as an advisor.<\/p><p>Before joining the Novak Djokovic Foundation team, Smiljana participated in the implementation of numerous UNICEF Serbia projects related to peer violence prevention. She is the co-author of the manual &#8220;Digital violence &#8211; prevention and response&#8221; and the booklet &#8220;Towards a safe and stimulating school environment&#8221;.<\/p><p>She also participated in projects of the Ministry of Education, Science and Technological Development supported by the World Bank, which were related to the improvement of the education system of Serbia. She enriched her long-term professional experience with professional training in Slovenia, Greece, Switzerland, and Denmark.<\/p><p>Smiljana is the co-author and coordinator of the Novak Djokovic Foundation&#8217;s program &#8220;Support, not perfection&#8221;, which provides support to parents and caregivers of children aged 0-6. So far, more than 2,000 parents throughout Serbia have participated in the program, as well as 40 facilitators, whom Smiljana trains to work with parents. The results of the program &#8220;Support, not perfection&#8221; were also recognized by the prestigious &#8220;European Journal of Developmental Psychology&#8221;. Smiljana regularly answers parents&#8217; questions and shares her experience and recommendations in the form of texts on the Foundation&#8217;s blog, which you can read here.<\/p>\t\t\t\t\t\t\t\t<\/div>\n\t\t\t\t<\/div>\n\t\t\t\t\t<\/div>\n\t\t<\/div>\n\t\t\t\t\t<\/div>\n\t\t<\/section>\n\t\t\t\t<section class=\"elementor-section elementor-top-section elementor-element elementor-element-d747b2a elementor-section-boxed elementor-section-height-default elementor-section-height-default\" data-id=\"d747b2a\" data-element_type=\"section\" data-e-type=\"section\">\n\t\t\t\t\t\t<div class=\"elementor-container elementor-column-gap-default\">\n\t\t\t\t\t<div class=\"elementor-column elementor-col-100 elementor-top-column elementor-element elementor-element-d3edd96\" data-id=\"d3edd96\" data-element_type=\"column\" data-e-type=\"column\">\n\t\t\t<div class=\"elementor-widget-wrap elementor-element-populated\">\n\t\t\t\t\t\t<div class=\"elementor-element elementor-element-7f9f2ef elementor-widget elementor-widget-spacer\" data-id=\"7f9f2ef\" data-element_type=\"widget\" data-e-type=\"widget\" data-widget_type=\"spacer.default\">\n\t\t\t\t<div class=\"elementor-widget-container\">\n\t\t\t\t\t\t\t<div class=\"elementor-spacer\">\n\t\t\t<div class=\"elementor-spacer-inner\"><\/div>\n\t\t<\/div>\n\t\t\t\t\t\t<\/div>\n\t\t\t\t<\/div>\n\t\t\t\t\t<\/div>\n\t\t<\/div>\n\t\t\t\t\t<\/div>\n\t\t<\/section>\n\t\t\t\t<section class=\"elementor-section elementor-top-section elementor-element elementor-element-d74a075 elementor-hidden-desktop elementor-hidden-tablet elementor-hidden-mobile elementor-section-boxed elementor-section-height-default elementor-section-height-default\" data-id=\"d74a075\" data-element_type=\"section\" data-e-type=\"section\">\n\t\t\t\t\t\t<div class=\"elementor-container elementor-column-gap-default\">\n\t\t\t\t\t<div class=\"elementor-column elementor-col-100 elementor-top-column elementor-element elementor-element-0fe0838\" data-id=\"0fe0838\" data-element_type=\"column\" data-e-type=\"column\">\n\t\t\t<div class=\"elementor-widget-wrap elementor-element-populated\">\n\t\t\t\t\t\t<div class=\"elementor-element elementor-element-f9bd344 elementor-widget elementor-widget-heading\" data-id=\"f9bd344\" data-element_type=\"widget\" data-e-type=\"widget\" data-widget_type=\"heading.default\">\n\t\t\t\t<div class=\"elementor-widget-container\">\n\t\t\t\t\t<h2 class=\"elementor-heading-title elementor-size-default\">Kursevi<\/h2>\t\t\t\t<\/div>\n\t\t\t\t<\/div>\n\t\t\t\t\t<\/div>\n\t\t<\/div>\n\t\t\t\t\t<\/div>\n\t\t<\/section>\n\t\t\t\t<section class=\"elementor-section elementor-top-section elementor-element elementor-element-d1cd064 elementor-hidden-desktop elementor-hidden-tablet elementor-hidden-mobile elementor-section-boxed elementor-section-height-default elementor-section-height-default\" data-id=\"d1cd064\" data-element_type=\"section\" data-e-type=\"section\">\n\t\t\t\t\t\t<div class=\"elementor-container elementor-column-gap-default\">\n\t\t\t\t\t<div class=\"elementor-column elementor-col-50 elementor-top-column elementor-element elementor-element-4de910c\" data-id=\"4de910c\" data-element_type=\"column\" data-e-type=\"column\">\n\t\t\t<div class=\"elementor-widget-wrap elementor-element-populated\">\n\t\t\t\t\t\t<div class=\"elementor-element elementor-element-51efe79 elementor-position-top elementor-widget elementor-widget-image-box\" data-id=\"51efe79\" data-element_type=\"widget\" data-e-type=\"widget\" data-widget_type=\"image-box.default\">\n\t\t\t\t<div class=\"elementor-widget-container\">\n\t\t\t\t\t<div class=\"elementor-image-box-wrapper\"><figure class=\"elementor-image-box-img\"><img decoding=\"async\" width=\"560\" height=\"420\" src=\"https:\/\/onlineacademy.novakdjokovicfoundation.org\/wp-content\/uploads\/2020\/11\/kurs1-cover-min.jpg\" class=\"attachment-full size-full wp-image-3700\" alt=\"\" srcset=\"https:\/\/onlineacademy.novakdjokovicfoundation.org\/wp-content\/uploads\/2020\/11\/kurs1-cover-min.jpg 560w, https:\/\/onlineacademy.novakdjokovicfoundation.org\/wp-content\/uploads\/2020\/11\/kurs1-cover-min-245x184.jpg 245w, https:\/\/onlineacademy.novakdjokovicfoundation.org\/wp-content\/uploads\/2020\/11\/kurs1-cover-min-447x335.jpg 447w, https:\/\/onlineacademy.novakdjokovicfoundation.org\/wp-content\/uploads\/2020\/11\/kurs1-cover-min-300x225.jpg 300w, https:\/\/onlineacademy.novakdjokovicfoundation.org\/wp-content\/uploads\/2020\/11\/kurs1-cover-min-400x300.jpg 400w\" sizes=\"(max-width: 560px) 100vw, 560px\" \/><\/figure><\/div>\t\t\t\t<\/div>\n\t\t\t\t<\/div>\n\t\t\t\t\t<\/div>\n\t\t<\/div>\n\t\t\t\t<div class=\"elementor-column elementor-col-50 elementor-top-column elementor-element elementor-element-3059ca0\" data-id=\"3059ca0\" data-element_type=\"column\" data-e-type=\"column\">\n\t\t\t<div class=\"elementor-widget-wrap elementor-element-populated\">\n\t\t\t\t\t\t<div class=\"elementor-element elementor-element-afc90b1 elementor-widget elementor-widget-heading\" data-id=\"afc90b1\" data-element_type=\"widget\" data-e-type=\"widget\" data-widget_type=\"heading.default\">\n\t\t\t\t<div class=\"elementor-widget-container\">\n\t\t\t\t\t<h2 class=\"elementor-heading-title elementor-size-default\">Razgovori o roditeljstvu<\/h2>\t\t\t\t<\/div>\n\t\t\t\t<\/div>\n\t\t\t\t<div class=\"elementor-element elementor-element-2d244a5 elementor-widget elementor-widget-text-editor\" data-id=\"2d244a5\" data-element_type=\"widget\" data-e-type=\"widget\" data-widget_type=\"text-editor.default\">\n\t\t\t\t<div class=\"elementor-widget-container\">\n\t\t\t\t\t\t\t\t\t<p>Da li sam dobar roditelj? Da li poma\u017eem ili odma\u017eem svom detetu u razvoju? \u0160ta mogu da uradim da bolje razumem svoje dete i unapredim sebe kao roditelja?<\/p><p>Na masterklasu Razgovori o roditeljstvu, vodimo te na put otkrivanja sebe, kroz \u017eivotne primere koji \u0107e te podsta\u0107i na razmi\u0161ljanje, navesti da promeni\u0161 neke svoje obrasce pona\u0161anja ili dati ideje kako da komunicira\u0161 u porodici od sada, na ubudu\u0107e.<\/p>\t\t\t\t\t\t\t\t<\/div>\n\t\t\t\t<\/div>\n\t\t\t\t<div class=\"elementor-element elementor-element-797145a elementor-widget elementor-widget-button\" data-id=\"797145a\" data-element_type=\"widget\" data-e-type=\"widget\" data-widget_type=\"button.default\">\n\t\t\t\t<div class=\"elementor-widget-container\">\n\t\t\t\t\t\t\t\t\t<div class=\"elementor-button-wrapper\">\n\t\t\t\t\t<a class=\"elementor-button elementor-button-link elementor-size-sm\" href=\"\/courses\/razgovori-o-roditeljstvu\/\">\n\t\t\t\t\t\t<span class=\"elementor-button-content-wrapper\">\n\t\t\t\t\t\t\t\t\t<span class=\"elementor-button-text\">Pogledajte vi\u0161e<\/span>\n\t\t\t\t\t<\/span>\n\t\t\t\t\t<\/a>\n\t\t\t\t<\/div>\n\t\t\t\t\t\t\t\t<\/div>\n\t\t\t\t<\/div>\n\t\t\t\t\t<\/div>\n\t\t<\/div>\n\t\t\t\t\t<\/div>\n\t\t<\/section>\n\t\t\t\t<\/div>\n\t\t","protected":false},"excerpt":{"rendered":"<p>Smiljana Grujic is the program manager, psychologist, and psychotherapist of the Novak Djokovic Foundation. Her focus of interest is compassionate communication and emotion management. She is a member of the Serbian Association of Psychologists within the Ministry of Education, Science and Technological Development, certified to work with children in schools and state institutions as an [&hellip;]...<\/p>\n","protected":false},"author":3229,"featured_media":0,"parent":0,"menu_order":0,"comment_status":"closed","ping_status":"closed","template":"","meta":{"footnotes":""},"class_list":["post-3793","page","type-page","status-publish","hentry"],"yoast_head":"<!-- This site is optimized with the Yoast SEO plugin v27.2 - https:\/\/yoast.com\/product\/yoast-seo-wordpress\/ -->\n<title>Smiljana Grujic - NDF Online Akademija<\/title>\n<meta name=\"robots\" content=\"index, follow, max-snippet:-1, max-image-preview:large, max-video-preview:-1\" \/>\n<link rel=\"canonical\" href=\"https:\/\/onlineacademy.novakdjokovicfoundation.org\/en\/smiljana-grujic\/\" \/>\n<meta property=\"og:locale\" content=\"en_US\" \/>\n<meta property=\"og:type\" content=\"article\" \/>\n<meta property=\"og:title\" content=\"Smiljana Grujic - NDF Online Akademija\" \/>\n<meta property=\"og:description\" content=\"Smiljana Grujic is the program manager, psychologist, and psychotherapist of the Novak Djokovic Foundation. Her focus of interest is compassionate communication and emotion management. She is a member of the Serbian Association of Psychologists within the Ministry of Education, Science and Technological Development, certified to work with children in schools and state institutions as an [&hellip;]\" \/>\n<meta property=\"og:url\" content=\"https:\/\/onlineacademy.novakdjokovicfoundation.org\/en\/smiljana-grujic\/\" \/>\n<meta property=\"og:site_name\" content=\"NDF Online Akademija\" \/>\n<meta property=\"article:modified_time\" content=\"2022-12-14T11:39:20+00:00\" \/>\n<meta property=\"og:image\" content=\"https:\/\/onlineacademy.novakdjokovicfoundation.org\/wp-content\/uploads\/2022\/11\/Untitled-design.png\" \/>\n<meta name=\"twitter:card\" content=\"summary_large_image\" \/>\n<meta name=\"twitter:label1\" content=\"Est. reading time\" \/>\n\t<meta name=\"twitter:data1\" content=\"2 minutes\" \/>\n<script type=\"application\/ld+json\" class=\"yoast-schema-graph\">{\"@context\":\"https:\/\/schema.org\",\"@graph\":[{\"@type\":\"WebPage\",\"@id\":\"https:\/\/onlineacademy.novakdjokovicfoundation.org\/en\/smiljana-grujic\/\",\"url\":\"https:\/\/onlineacademy.novakdjokovicfoundation.org\/en\/smiljana-grujic\/\",\"name\":\"Smiljana Grujic - NDF Online Akademija\",\"isPartOf\":{\"@id\":\"https:\/\/onlineacademy.novakdjokovicfoundation.org\/en\/#website\"},\"primaryImageOfPage\":{\"@id\":\"https:\/\/onlineacademy.novakdjokovicfoundation.org\/en\/smiljana-grujic\/#primaryimage\"},\"image\":{\"@id\":\"https:\/\/onlineacademy.novakdjokovicfoundation.org\/en\/smiljana-grujic\/#primaryimage\"},\"thumbnailUrl\":\"https:\/\/onlineacademy.novakdjokovicfoundation.org\/wp-content\/uploads\/2022\/11\/Untitled-design.png\",\"datePublished\":\"2021-01-26T18:38:33+00:00\",\"dateModified\":\"2022-12-14T11:39:20+00:00\",\"breadcrumb\":{\"@id\":\"https:\/\/onlineacademy.novakdjokovicfoundation.org\/en\/smiljana-grujic\/#breadcrumb\"},\"inLanguage\":\"en-US\",\"potentialAction\":[{\"@type\":\"ReadAction\",\"target\":[\"https:\/\/onlineacademy.novakdjokovicfoundation.org\/en\/smiljana-grujic\/\"]}]},{\"@type\":\"ImageObject\",\"inLanguage\":\"en-US\",\"@id\":\"https:\/\/onlineacademy.novakdjokovicfoundation.org\/en\/smiljana-grujic\/#primaryimage\",\"url\":\"https:\/\/onlineacademy.novakdjokovicfoundation.org\/wp-content\/uploads\/2022\/11\/Untitled-design.png\",\"contentUrl\":\"https:\/\/onlineacademy.novakdjokovicfoundation.org\/wp-content\/uploads\/2022\/11\/Untitled-design.png\"},{\"@type\":\"BreadcrumbList\",\"@id\":\"https:\/\/onlineacademy.novakdjokovicfoundation.org\/en\/smiljana-grujic\/#breadcrumb\",\"itemListElement\":[{\"@type\":\"ListItem\",\"position\":1,\"name\":\"Home\",\"item\":\"https:\/\/onlineacademy.novakdjokovicfoundation.org\/en\/\"},{\"@type\":\"ListItem\",\"position\":2,\"name\":\"Smiljana Grujic\"}]},{\"@type\":\"WebSite\",\"@id\":\"https:\/\/onlineacademy.novakdjokovicfoundation.org\/en\/#website\",\"url\":\"https:\/\/onlineacademy.novakdjokovicfoundation.org\/en\/\",\"name\":\"NDF Online Akademija\",\"description\":\"Mesto koje poma\u017ee tvojoj porodici da raste\",\"potentialAction\":[{\"@type\":\"SearchAction\",\"target\":{\"@type\":\"EntryPoint\",\"urlTemplate\":\"https:\/\/onlineacademy.novakdjokovicfoundation.org\/en\/?s={search_term_string}\"},\"query-input\":{\"@type\":\"PropertyValueSpecification\",\"valueRequired\":true,\"valueName\":\"search_term_string\"}}],\"inLanguage\":\"en-US\"}]}<\/script>\n<!-- \/ Yoast SEO plugin. -->","yoast_head_json":{"title":"Smiljana Grujic - NDF Online Akademija","robots":{"index":"index","follow":"follow","max-snippet":"max-snippet:-1","max-image-preview":"max-image-preview:large","max-video-preview":"max-video-preview:-1"},"canonical":"https:\/\/onlineacademy.novakdjokovicfoundation.org\/en\/smiljana-grujic\/","og_locale":"en_US","og_type":"article","og_title":"Smiljana Grujic - NDF Online Akademija","og_description":"Smiljana Grujic is the program manager, psychologist, and psychotherapist of the Novak Djokovic Foundation. Her focus of interest is compassionate communication and emotion management. She is a member of the Serbian Association of Psychologists within the Ministry of Education, Science and Technological Development, certified to work with children in schools and state institutions as an [&hellip;]","og_url":"https:\/\/onlineacademy.novakdjokovicfoundation.org\/en\/smiljana-grujic\/","og_site_name":"NDF Online Akademija","article_modified_time":"2022-12-14T11:39:20+00:00","og_image":[{"url":"https:\/\/onlineacademy.novakdjokovicfoundation.org\/wp-content\/uploads\/2022\/11\/Untitled-design.png","type":"","width":"","height":""}],"twitter_card":"summary_large_image","twitter_misc":{"Est. reading time":"2 minutes"},"schema":{"@context":"https:\/\/schema.org","@graph":[{"@type":"WebPage","@id":"https:\/\/onlineacademy.novakdjokovicfoundation.org\/en\/smiljana-grujic\/","url":"https:\/\/onlineacademy.novakdjokovicfoundation.org\/en\/smiljana-grujic\/","name":"Smiljana Grujic - NDF Online Akademija","isPartOf":{"@id":"https:\/\/onlineacademy.novakdjokovicfoundation.org\/en\/#website"},"primaryImageOfPage":{"@id":"https:\/\/onlineacademy.novakdjokovicfoundation.org\/en\/smiljana-grujic\/#primaryimage"},"image":{"@id":"https:\/\/onlineacademy.novakdjokovicfoundation.org\/en\/smiljana-grujic\/#primaryimage"},"thumbnailUrl":"https:\/\/onlineacademy.novakdjokovicfoundation.org\/wp-content\/uploads\/2022\/11\/Untitled-design.png","datePublished":"2021-01-26T18:38:33+00:00","dateModified":"2022-12-14T11:39:20+00:00","breadcrumb":{"@id":"https:\/\/onlineacademy.novakdjokovicfoundation.org\/en\/smiljana-grujic\/#breadcrumb"},"inLanguage":"en-US","potentialAction":[{"@type":"ReadAction","target":["https:\/\/onlineacademy.novakdjokovicfoundation.org\/en\/smiljana-grujic\/"]}]},{"@type":"ImageObject","inLanguage":"en-US","@id":"https:\/\/onlineacademy.novakdjokovicfoundation.org\/en\/smiljana-grujic\/#primaryimage","url":"https:\/\/onlineacademy.novakdjokovicfoundation.org\/wp-content\/uploads\/2022\/11\/Untitled-design.png","contentUrl":"https:\/\/onlineacademy.novakdjokovicfoundation.org\/wp-content\/uploads\/2022\/11\/Untitled-design.png"},{"@type":"BreadcrumbList","@id":"https:\/\/onlineacademy.novakdjokovicfoundation.org\/en\/smiljana-grujic\/#breadcrumb","itemListElement":[{"@type":"ListItem","position":1,"name":"Home","item":"https:\/\/onlineacademy.novakdjokovicfoundation.org\/en\/"},{"@type":"ListItem","position":2,"name":"Smiljana Grujic"}]},{"@type":"WebSite","@id":"https:\/\/onlineacademy.novakdjokovicfoundation.org\/en\/#website","url":"https:\/\/onlineacademy.novakdjokovicfoundation.org\/en\/","name":"NDF Online Akademija","description":"Mesto koje poma\u017ee tvojoj porodici da raste","potentialAction":[{"@type":"SearchAction","target":{"@type":"EntryPoint","urlTemplate":"https:\/\/onlineacademy.novakdjokovicfoundation.org\/en\/?s={search_term_string}"},"query-input":{"@type":"PropertyValueSpecification","valueRequired":true,"valueName":"search_term_string"}}],"inLanguage":"en-US"}]}},"_links":{"self":[{"href":"https:\/\/onlineacademy.novakdjokovicfoundation.org\/en\/wp-json\/wp\/v2\/pages\/3793","targetHints":{"allow":["GET"]}}],"collection":[{"href":"https:\/\/onlineacademy.novakdjokovicfoundation.org\/en\/wp-json\/wp\/v2\/pages"}],"about":[{"href":"https:\/\/onlineacademy.novakdjokovicfoundation.org\/en\/wp-json\/wp\/v2\/types\/page"}],"author":[{"embeddable":true,"href":"https:\/\/onlineacademy.novakdjokovicfoundation.org\/en\/wp-json\/wp\/v2\/users\/3229"}],"replies":[{"embeddable":true,"href":"https:\/\/onlineacademy.novakdjokovicfoundation.org\/en\/wp-json\/wp\/v2\/comments?post=3793"}],"version-history":[{"count":5,"href":"https:\/\/onlineacademy.novakdjokovicfoundation.org\/en\/wp-json\/wp\/v2\/pages\/3793\/revisions"}],"predecessor-version":[{"id":3798,"href":"https:\/\/onlineacademy.novakdjokovicfoundation.org\/en\/wp-json\/wp\/v2\/pages\/3793\/revisions\/3798"}],"wp:attachment":[{"href":"https:\/\/onlineacademy.novakdjokovicfoundation.org\/en\/wp-json\/wp\/v2\/media?parent=3793"}],"curies":[{"name":"wp","href":"https:\/\/api.w.org\/{rel}","templated":true}]}}