{"id":3778,"date":"2020-04-30T07:27:12","date_gmt":"2020-04-30T05:27:12","guid":{"rendered":"https:\/\/onlineacademy.novakdjokovicfoundation.org\/o-akademiji\/"},"modified":"2022-12-14T16:47:03","modified_gmt":"2022-12-14T14:47:03","slug":"about-online-academy","status":"publish","type":"page","link":"https:\/\/onlineacademy.novakdjokovicfoundation.org\/en\/about-online-academy\/","title":{"rendered":"About Online Academy"},"content":{"rendered":"\t\t<div data-elementor-type=\"wp-page\" data-elementor-id=\"3778\" class=\"elementor elementor-3778 elementor-845\" data-elementor-post-type=\"page\">\n\t\t\t\t\t\t<section class=\"elementor-section elementor-top-section elementor-element elementor-element-dd701e4 elementor-hidden-desktop elementor-hidden-tablet elementor-hidden-mobile elementor-section-boxed elementor-section-height-default elementor-section-height-default\" data-id=\"dd701e4\" data-element_type=\"section\" data-e-type=\"section\">\n\t\t\t\t\t\t<div class=\"elementor-container elementor-column-gap-default\">\n\t\t\t\t\t<div class=\"elementor-column elementor-col-33 elementor-top-column elementor-element elementor-element-099a612\" data-id=\"099a612\" data-element_type=\"column\" data-e-type=\"column\">\n\t\t\t<div class=\"elementor-widget-wrap elementor-element-populated\">\n\t\t\t\t\t\t<div class=\"elementor-element elementor-element-46cb9e2 elementor-widget elementor-widget-image\" data-id=\"46cb9e2\" data-element_type=\"widget\" data-e-type=\"widget\" data-widget_type=\"image.default\">\n\t\t\t\t<div class=\"elementor-widget-container\">\n\t\t\t\t\t\t\t\t\t\t\t\t\t\t\t<img fetchpriority=\"high\" decoding=\"async\" width=\"799\" height=\"533\" src=\"https:\/\/onlineacademy.novakdjokovicfoundation.org\/wp-content\/uploads\/2021\/02\/49083992732_30bdd5ce6e_c.jpg\" class=\"attachment-large size-large wp-image-3709\" alt=\"\" srcset=\"https:\/\/onlineacademy.novakdjokovicfoundation.org\/wp-content\/uploads\/2021\/02\/49083992732_30bdd5ce6e_c.jpg 799w, https:\/\/onlineacademy.novakdjokovicfoundation.org\/wp-content\/uploads\/2021\/02\/49083992732_30bdd5ce6e_c-245x163.jpg 245w, https:\/\/onlineacademy.novakdjokovicfoundation.org\/wp-content\/uploads\/2021\/02\/49083992732_30bdd5ce6e_c-447x298.jpg 447w, https:\/\/onlineacademy.novakdjokovicfoundation.org\/wp-content\/uploads\/2021\/02\/49083992732_30bdd5ce6e_c-300x200.jpg 300w, https:\/\/onlineacademy.novakdjokovicfoundation.org\/wp-content\/uploads\/2021\/02\/49083992732_30bdd5ce6e_c-768x512.jpg 768w, https:\/\/onlineacademy.novakdjokovicfoundation.org\/wp-content\/uploads\/2021\/02\/49083992732_30bdd5ce6e_c-400x267.jpg 400w\" sizes=\"(max-width: 799px) 100vw, 799px\" \/>\t\t\t\t\t\t\t\t\t\t\t\t\t\t\t<\/div>\n\t\t\t\t<\/div>\n\t\t\t\t<div class=\"elementor-element elementor-element-78b212f elementor-widget elementor-widget-text-editor\" data-id=\"78b212f\" data-element_type=\"widget\" data-e-type=\"widget\" data-widget_type=\"text-editor.default\">\n\t\t\t\t<div class=\"elementor-widget-container\">\n\t\t\t\t\t\t\t\t\t<p>Novak \u0110okovi\u0107 Fondacija osnovana je 2007. godine kao organizacija koja ula\u017ee u rani razvoj dece u Srbiji, zemlji u kojoj nema svako dete pristup pred\u0161kolskom obrazovanju. Rad Fondacije temelji se na uverenju da se obrazovanjem mogu promeniti \u017eivoti dece, a time i cele zajednice. Na\u0161 tim je do sada rekonstruisao, opremio i adaptirao 52 vrti\u0107a, pomogao vi\u0161e od 51.000 dece, obu\u010dio 2200 u\u010ditelja i vaspita\u010da, podr\u017eao 7700 roditelja. Tako\u0111e, kreiraju\u0107i program \u201ePodr\u0161ka, ne perfekcija\u201c do sada je kroz na\u0161e radionice pro\u0161lo preko 2500 roditelja i staratelja.<br \/>Globalna zdravstvena kriza izazvana virusom COVID-19, je izazvala mnoge promene u svakodnevnim \u017eivotima dece i roditelja, tako da je na\u0161 tim prepoznao potrebu da prilagodi svoj rad kako bi im pomogao da se suo\u010de sa novim izazovima na najbolji mogu\u0107i na\u010din. Posvetili smo se digitalizaciji jednog dela na\u0161ih programa i pronala\u017eenju na\u010dina kako da nastavimo sa pru\u017eanjem podr\u0161ke uz po\u0161tovanje svih novih mera bezbednosti. <\/p>\t\t\t\t\t\t\t\t<\/div>\n\t\t\t\t<\/div>\n\t\t\t\t\t<\/div>\n\t\t<\/div>\n\t\t\t\t<div class=\"elementor-column elementor-col-33 elementor-top-column elementor-element elementor-element-5e69f28\" data-id=\"5e69f28\" data-element_type=\"column\" data-e-type=\"column\">\n\t\t\t<div class=\"elementor-widget-wrap elementor-element-populated\">\n\t\t\t\t\t\t<div class=\"elementor-element elementor-element-af9cf94 elementor-widget elementor-widget-text-editor\" data-id=\"af9cf94\" data-element_type=\"widget\" data-e-type=\"widget\" data-widget_type=\"text-editor.default\">\n\t\t\t\t<div class=\"elementor-widget-container\">\n\t\t\t\t\t\t\t\t\t<p>Sa tim ciljem su na\u0161 ko-osniva\u010d i globalna direktorka, Jelena \u0110okovi\u0107, i psiholog, pihoterapeut i programski menad\u017eer, Smiljana Gruji\u0107, pokrenule su nedeljne Zoom vebinare na razne teme iz oblasti roditeljstva. Vebinarima je prisustvovalo preko 3000 ljudi koji su zajedno sa Jelenom i Smiljanom promi\u0161ljali o najboljim re\u0161enjima na naj\u010de\u0161\u0107e roditeljske nedoumice.<\/p><p>Veoma pozitivni utisci u\u010desnika vebinara, kao i brojni upiti za dodatnom online podr\u0161kom, inspirisali su nas da pokrenemo Online Akademiju Novak \u0110okovi\u0107 Fondacije i da nastavimo sa pripremom edukativnog materijala na teme iz oblasti ranog razvoja.<\/p><p>Na\u0161 tim nastavlja da prati izazove i nedoumice sa kojima se susre\u0107u roditelji i staratelji i u skladu sa time priprema kurseve koji u tome mogu pomo\u0107i. Ukoliko imate predloge za neke nove teme kurseva ili savete kako ne\u0161to mo\u017eemo unaprediti, slobodno nam pi\u0161ite na <a href=\"mailto:education@novakdjokovicfoundation.org\">education@novakdjokovicfoundation.org<\/a>.<\/p>\t\t\t\t\t\t\t\t<\/div>\n\t\t\t\t<\/div>\n\t\t\t\t<div class=\"elementor-element elementor-element-e27aef0 elementor-widget elementor-widget-image\" data-id=\"e27aef0\" data-element_type=\"widget\" data-e-type=\"widget\" data-widget_type=\"image.default\">\n\t\t\t\t<div class=\"elementor-widget-container\">\n\t\t\t\t\t\t\t\t\t\t\t\t\t\t\t<img decoding=\"async\" width=\"799\" height=\"533\" src=\"https:\/\/onlineacademy.novakdjokovicfoundation.org\/wp-content\/uploads\/2021\/02\/48908324913_fce2ee9b81_c.jpg\" class=\"attachment-large size-large wp-image-3710\" alt=\"\" srcset=\"https:\/\/onlineacademy.novakdjokovicfoundation.org\/wp-content\/uploads\/2021\/02\/48908324913_fce2ee9b81_c.jpg 799w, https:\/\/onlineacademy.novakdjokovicfoundation.org\/wp-content\/uploads\/2021\/02\/48908324913_fce2ee9b81_c-245x163.jpg 245w, https:\/\/onlineacademy.novakdjokovicfoundation.org\/wp-content\/uploads\/2021\/02\/48908324913_fce2ee9b81_c-447x298.jpg 447w, https:\/\/onlineacademy.novakdjokovicfoundation.org\/wp-content\/uploads\/2021\/02\/48908324913_fce2ee9b81_c-300x200.jpg 300w, https:\/\/onlineacademy.novakdjokovicfoundation.org\/wp-content\/uploads\/2021\/02\/48908324913_fce2ee9b81_c-768x512.jpg 768w, https:\/\/onlineacademy.novakdjokovicfoundation.org\/wp-content\/uploads\/2021\/02\/48908324913_fce2ee9b81_c-400x267.jpg 400w\" sizes=\"(max-width: 799px) 100vw, 799px\" \/>\t\t\t\t\t\t\t\t\t\t\t\t\t\t\t<\/div>\n\t\t\t\t<\/div>\n\t\t\t\t\t<\/div>\n\t\t<\/div>\n\t\t\t\t<div class=\"elementor-column elementor-col-33 elementor-top-column elementor-element elementor-element-c6b609e\" data-id=\"c6b609e\" data-element_type=\"column\" data-e-type=\"column\">\n\t\t\t<div class=\"elementor-widget-wrap elementor-element-populated\">\n\t\t\t\t\t\t<div class=\"elementor-element elementor-element-33f25d1 elementor-widget elementor-widget-image\" data-id=\"33f25d1\" data-element_type=\"widget\" data-e-type=\"widget\" data-widget_type=\"image.default\">\n\t\t\t\t<div class=\"elementor-widget-container\">\n\t\t\t\t\t\t\t\t\t\t\t\t\t\t\t<img decoding=\"async\" width=\"533\" height=\"799\" src=\"https:\/\/onlineacademy.novakdjokovicfoundation.org\/wp-content\/uploads\/2021\/02\/49083270898_4dd289c76c_c.jpg\" class=\"attachment-large size-large wp-image-3711\" alt=\"\" srcset=\"https:\/\/onlineacademy.novakdjokovicfoundation.org\/wp-content\/uploads\/2021\/02\/49083270898_4dd289c76c_c.jpg 533w, https:\/\/onlineacademy.novakdjokovicfoundation.org\/wp-content\/uploads\/2021\/02\/49083270898_4dd289c76c_c-245x367.jpg 245w, https:\/\/onlineacademy.novakdjokovicfoundation.org\/wp-content\/uploads\/2021\/02\/49083270898_4dd289c76c_c-447x670.jpg 447w, https:\/\/onlineacademy.novakdjokovicfoundation.org\/wp-content\/uploads\/2021\/02\/49083270898_4dd289c76c_c-200x300.jpg 200w\" sizes=\"(max-width: 533px) 100vw, 533px\" \/>\t\t\t\t\t\t\t\t\t\t\t\t\t\t\t<\/div>\n\t\t\t\t<\/div>\n\t\t\t\t<div class=\"elementor-element elementor-element-3c8ce81 elementor-widget elementor-widget-text-editor\" data-id=\"3c8ce81\" data-element_type=\"widget\" data-e-type=\"widget\" data-widget_type=\"text-editor.default\">\n\t\t\t\t<div class=\"elementor-widget-container\">\n\t\t\t\t\t\t\t\t\t<p>Online Akademija Novak \u0110okovi\u0107 Fondacije je posve\u0107ena svima onima koji prepoznaju zna\u010daj ranog razvoja deteta i koji \u017eele da unaprede svoje ve\u0161tine i znanja kako bi pomogli detetu da dostigne svoj puni potencijal. U\u017eivajte!<\/p>\t\t\t\t\t\t\t\t<\/div>\n\t\t\t\t<\/div>\n\t\t\t\t\t<\/div>\n\t\t<\/div>\n\t\t\t\t\t<\/div>\n\t\t<\/section>\n\t\t\t\t<section class=\"elementor-section elementor-top-section elementor-element elementor-element-27f4f1b elementor-section-boxed elementor-section-height-default elementor-section-height-default\" data-id=\"27f4f1b\" data-element_type=\"section\" data-e-type=\"section\">\n\t\t\t\t\t\t<div class=\"elementor-container elementor-column-gap-default\">\n\t\t\t\t\t<div class=\"elementor-column elementor-col-100 elementor-top-column elementor-element elementor-element-06ab7f4\" data-id=\"06ab7f4\" data-element_type=\"column\" data-e-type=\"column\">\n\t\t\t<div class=\"elementor-widget-wrap elementor-element-populated\">\n\t\t\t\t\t\t<div class=\"elementor-element elementor-element-0be0ea5 elementor-widget elementor-widget-image\" data-id=\"0be0ea5\" data-element_type=\"widget\" data-e-type=\"widget\" data-widget_type=\"image.default\">\n\t\t\t\t<div class=\"elementor-widget-container\">\n\t\t\t\t\t\t\t\t\t\t\t\t\t\t\t<img loading=\"lazy\" decoding=\"async\" width=\"1024\" height=\"683\" src=\"https:\/\/onlineacademy.novakdjokovicfoundation.org\/wp-content\/uploads\/2022\/08\/jelena-i-smiljana-1024x683.webp\" class=\"attachment-large size-large wp-image-3731\" alt=\"\" srcset=\"https:\/\/onlineacademy.novakdjokovicfoundation.org\/wp-content\/uploads\/2022\/08\/jelena-i-smiljana-1024x683.webp 1024w, https:\/\/onlineacademy.novakdjokovicfoundation.org\/wp-content\/uploads\/2022\/08\/jelena-i-smiljana-300x200.webp 300w, https:\/\/onlineacademy.novakdjokovicfoundation.org\/wp-content\/uploads\/2022\/08\/jelena-i-smiljana-768x512.webp 768w, https:\/\/onlineacademy.novakdjokovicfoundation.org\/wp-content\/uploads\/2022\/08\/jelena-i-smiljana-400x267.webp 400w, https:\/\/onlineacademy.novakdjokovicfoundation.org\/wp-content\/uploads\/2022\/08\/jelena-i-smiljana-245x163.webp 245w, https:\/\/onlineacademy.novakdjokovicfoundation.org\/wp-content\/uploads\/2022\/08\/jelena-i-smiljana-447x298.webp 447w, https:\/\/onlineacademy.novakdjokovicfoundation.org\/wp-content\/uploads\/2022\/08\/jelena-i-smiljana.webp 1200w\" sizes=\"(max-width: 1024px) 100vw, 1024px\" \/>\t\t\t\t\t\t\t\t\t\t\t\t\t\t\t<\/div>\n\t\t\t\t<\/div>\n\t\t\t\t<div class=\"elementor-element elementor-element-0f5da00 elementor-widget elementor-widget-text-editor\" data-id=\"0f5da00\" data-element_type=\"widget\" data-e-type=\"widget\" data-widget_type=\"text-editor.default\">\n\t\t\t\t<div class=\"elementor-widget-container\">\n\t\t\t\t\t\t\t\t\t<p>The Novak Djokovic Foundation was founded in 2007 as an organization that invests in the early development of children in Serbia, a country where not many children have access to preschool education. The Foundation&#8217;s work is based on the belief that education can change the lives of children, and thus the entire community. So far, our team has reconstructed, equipped, and adapted 52 kindergartens, helped more than 51,000 children, trained 2,200 teachers and educators, and supported 7,700 parents. Also, by creating the &#8220;Support, not perfection&#8221; program, more than 2,500 parents and caregivers have gone through our workshops so far.<\/p><p>The global health crisis caused by the COVID-19 virus has caused many changes in the daily lives of children and parents, so our team has recognized the need to adapt its work to help them face new challenges in the best possible way. We are committed to digitizing a part of our programs and finding ways to continue providing support while respecting all new security measures.<\/p>\t\t\t\t\t\t\t\t<\/div>\n\t\t\t\t<\/div>\n\t\t\t\t<div class=\"elementor-element elementor-element-e8a3fa6 elementor-widget elementor-widget-text-editor\" data-id=\"e8a3fa6\" data-element_type=\"widget\" data-e-type=\"widget\" data-widget_type=\"text-editor.default\">\n\t\t\t\t<div class=\"elementor-widget-container\">\n\t\t\t\t\t\t\t\t\t<p>With this goal in mind, our co-founder and global CEO, Jelena Djokovic, along with our psychologist, psychotherapist and program manager, Smiljana Grujic, launched weekly Zoom webinars on various parenting topics. The webinars were attended by over 3,000 people who, together with Jelena and Smiljana, discussed the best solutions to the most common concerns of parents.<\/p><p>The positive impressions of the webinar participants, as well as numerous requests for additional online support, inspired us to launch the Novak Djokovic Foundation Online Academy and to continue to prepare educational materials on topics in the field of early childhood development and education.<\/p><p>Our team continues to monitor the challenges and concerns faced by parents and guardians and accordingly prepares courses that can help with this. If you have suggestions for new course topics or advice on how we can improve our content, feel free to write to us at\u00a0<a href=\"mailto:education@novakdjokovicfoundation.org\">education@novakdjokovicfoundation.org<\/a>.<\/p><p>The Online Academy of the Novak Djokovic Foundation is dedicated to all those who recognize the importance of early child development and who want to improve their skills and knowledge in order to help the child reach their full potential.<br \/>Enjoy!<\/p>\t\t\t\t\t\t\t\t<\/div>\n\t\t\t\t<\/div>\n\t\t\t\t\t<\/div>\n\t\t<\/div>\n\t\t\t\t\t<\/div>\n\t\t<\/section>\n\t\t\t\t<\/div>\n\t\t","protected":false},"excerpt":{"rendered":"<p>Novak \u0110okovi\u0107 Fondacija osnovana je 2007. godine kao organizacija koja ula\u017ee u rani razvoj dece u Srbiji, zemlji u kojoj nema svako dete pristup pred\u0161kolskom obrazovanju. Rad Fondacije temelji se na uverenju da se obrazovanjem mogu promeniti \u017eivoti dece, a time i cele zajednice. Na\u0161 tim je do sada rekonstruisao, opremio i adaptirao 52 vrti\u0107a, [&hellip;]...<\/p>\n","protected":false},"author":3229,"featured_media":0,"parent":0,"menu_order":0,"comment_status":"closed","ping_status":"closed","template":"","meta":{"footnotes":""},"class_list":["post-3778","page","type-page","status-publish","hentry"],"yoast_head":"<!-- This site is optimized with the Yoast SEO plugin v27.2 - https:\/\/yoast.com\/product\/yoast-seo-wordpress\/ -->\n<title>About Online Academy - NDF Online Akademija<\/title>\n<meta name=\"robots\" content=\"index, follow, max-snippet:-1, max-image-preview:large, max-video-preview:-1\" \/>\n<link rel=\"canonical\" href=\"https:\/\/onlineacademy.novakdjokovicfoundation.org\/en\/about-online-academy\/\" \/>\n<meta property=\"og:locale\" content=\"en_US\" \/>\n<meta property=\"og:type\" content=\"article\" \/>\n<meta property=\"og:title\" content=\"About Online Academy - NDF Online Akademija\" \/>\n<meta property=\"og:description\" content=\"Novak \u0110okovi\u0107 Fondacija osnovana je 2007. godine kao organizacija koja ula\u017ee u rani razvoj dece u Srbiji, zemlji u kojoj nema svako dete pristup pred\u0161kolskom obrazovanju. Rad Fondacije temelji se na uverenju da se obrazovanjem mogu promeniti \u017eivoti dece, a time i cele zajednice. Na\u0161 tim je do sada rekonstruisao, opremio i adaptirao 52 vrti\u0107a, [&hellip;]\" \/>\n<meta property=\"og:url\" content=\"https:\/\/onlineacademy.novakdjokovicfoundation.org\/en\/about-online-academy\/\" \/>\n<meta property=\"og:site_name\" content=\"NDF Online Akademija\" \/>\n<meta property=\"article:modified_time\" content=\"2022-12-14T14:47:03+00:00\" \/>\n<meta property=\"og:image\" content=\"https:\/\/onlineacademy.novakdjokovicfoundation.org\/wp-content\/uploads\/2021\/02\/49083992732_30bdd5ce6e_c.jpg\" \/>\n<meta name=\"twitter:card\" content=\"summary_large_image\" \/>\n<meta name=\"twitter:label1\" content=\"Est. reading time\" \/>\n\t<meta name=\"twitter:data1\" content=\"3 minutes\" \/>\n<script type=\"application\/ld+json\" class=\"yoast-schema-graph\">{\"@context\":\"https:\/\/schema.org\",\"@graph\":[{\"@type\":\"WebPage\",\"@id\":\"https:\/\/onlineacademy.novakdjokovicfoundation.org\/en\/about-online-academy\/\",\"url\":\"https:\/\/onlineacademy.novakdjokovicfoundation.org\/en\/about-online-academy\/\",\"name\":\"About Online Academy - NDF Online Akademija\",\"isPartOf\":{\"@id\":\"https:\/\/onlineacademy.novakdjokovicfoundation.org\/en\/#website\"},\"primaryImageOfPage\":{\"@id\":\"https:\/\/onlineacademy.novakdjokovicfoundation.org\/en\/about-online-academy\/#primaryimage\"},\"image\":{\"@id\":\"https:\/\/onlineacademy.novakdjokovicfoundation.org\/en\/about-online-academy\/#primaryimage\"},\"thumbnailUrl\":\"https:\/\/onlineacademy.novakdjokovicfoundation.org\/wp-content\/uploads\/2021\/02\/49083992732_30bdd5ce6e_c.jpg\",\"datePublished\":\"2020-04-30T05:27:12+00:00\",\"dateModified\":\"2022-12-14T14:47:03+00:00\",\"breadcrumb\":{\"@id\":\"https:\/\/onlineacademy.novakdjokovicfoundation.org\/en\/about-online-academy\/#breadcrumb\"},\"inLanguage\":\"en-US\",\"potentialAction\":[{\"@type\":\"ReadAction\",\"target\":[\"https:\/\/onlineacademy.novakdjokovicfoundation.org\/en\/about-online-academy\/\"]}]},{\"@type\":\"ImageObject\",\"inLanguage\":\"en-US\",\"@id\":\"https:\/\/onlineacademy.novakdjokovicfoundation.org\/en\/about-online-academy\/#primaryimage\",\"url\":\"https:\/\/onlineacademy.novakdjokovicfoundation.org\/wp-content\/uploads\/2021\/02\/49083992732_30bdd5ce6e_c.jpg\",\"contentUrl\":\"https:\/\/onlineacademy.novakdjokovicfoundation.org\/wp-content\/uploads\/2021\/02\/49083992732_30bdd5ce6e_c.jpg\"},{\"@type\":\"BreadcrumbList\",\"@id\":\"https:\/\/onlineacademy.novakdjokovicfoundation.org\/en\/about-online-academy\/#breadcrumb\",\"itemListElement\":[{\"@type\":\"ListItem\",\"position\":1,\"name\":\"Home\",\"item\":\"https:\/\/onlineacademy.novakdjokovicfoundation.org\/en\/\"},{\"@type\":\"ListItem\",\"position\":2,\"name\":\"About Online Academy\"}]},{\"@type\":\"WebSite\",\"@id\":\"https:\/\/onlineacademy.novakdjokovicfoundation.org\/en\/#website\",\"url\":\"https:\/\/onlineacademy.novakdjokovicfoundation.org\/en\/\",\"name\":\"NDF Online Akademija\",\"description\":\"Mesto koje poma\u017ee tvojoj porodici da raste\",\"potentialAction\":[{\"@type\":\"SearchAction\",\"target\":{\"@type\":\"EntryPoint\",\"urlTemplate\":\"https:\/\/onlineacademy.novakdjokovicfoundation.org\/en\/?s={search_term_string}\"},\"query-input\":{\"@type\":\"PropertyValueSpecification\",\"valueRequired\":true,\"valueName\":\"search_term_string\"}}],\"inLanguage\":\"en-US\"}]}<\/script>\n<!-- \/ Yoast SEO plugin. -->","yoast_head_json":{"title":"About Online Academy - NDF Online Akademija","robots":{"index":"index","follow":"follow","max-snippet":"max-snippet:-1","max-image-preview":"max-image-preview:large","max-video-preview":"max-video-preview:-1"},"canonical":"https:\/\/onlineacademy.novakdjokovicfoundation.org\/en\/about-online-academy\/","og_locale":"en_US","og_type":"article","og_title":"About Online Academy - NDF Online Akademija","og_description":"Novak \u0110okovi\u0107 Fondacija osnovana je 2007. godine kao organizacija koja ula\u017ee u rani razvoj dece u Srbiji, zemlji u kojoj nema svako dete pristup pred\u0161kolskom obrazovanju. Rad Fondacije temelji se na uverenju da se obrazovanjem mogu promeniti \u017eivoti dece, a time i cele zajednice. Na\u0161 tim je do sada rekonstruisao, opremio i adaptirao 52 vrti\u0107a, [&hellip;]","og_url":"https:\/\/onlineacademy.novakdjokovicfoundation.org\/en\/about-online-academy\/","og_site_name":"NDF Online Akademija","article_modified_time":"2022-12-14T14:47:03+00:00","og_image":[{"url":"https:\/\/onlineacademy.novakdjokovicfoundation.org\/wp-content\/uploads\/2021\/02\/49083992732_30bdd5ce6e_c.jpg","type":"","width":"","height":""}],"twitter_card":"summary_large_image","twitter_misc":{"Est. reading time":"3 minutes"},"schema":{"@context":"https:\/\/schema.org","@graph":[{"@type":"WebPage","@id":"https:\/\/onlineacademy.novakdjokovicfoundation.org\/en\/about-online-academy\/","url":"https:\/\/onlineacademy.novakdjokovicfoundation.org\/en\/about-online-academy\/","name":"About Online Academy - NDF Online Akademija","isPartOf":{"@id":"https:\/\/onlineacademy.novakdjokovicfoundation.org\/en\/#website"},"primaryImageOfPage":{"@id":"https:\/\/onlineacademy.novakdjokovicfoundation.org\/en\/about-online-academy\/#primaryimage"},"image":{"@id":"https:\/\/onlineacademy.novakdjokovicfoundation.org\/en\/about-online-academy\/#primaryimage"},"thumbnailUrl":"https:\/\/onlineacademy.novakdjokovicfoundation.org\/wp-content\/uploads\/2021\/02\/49083992732_30bdd5ce6e_c.jpg","datePublished":"2020-04-30T05:27:12+00:00","dateModified":"2022-12-14T14:47:03+00:00","breadcrumb":{"@id":"https:\/\/onlineacademy.novakdjokovicfoundation.org\/en\/about-online-academy\/#breadcrumb"},"inLanguage":"en-US","potentialAction":[{"@type":"ReadAction","target":["https:\/\/onlineacademy.novakdjokovicfoundation.org\/en\/about-online-academy\/"]}]},{"@type":"ImageObject","inLanguage":"en-US","@id":"https:\/\/onlineacademy.novakdjokovicfoundation.org\/en\/about-online-academy\/#primaryimage","url":"https:\/\/onlineacademy.novakdjokovicfoundation.org\/wp-content\/uploads\/2021\/02\/49083992732_30bdd5ce6e_c.jpg","contentUrl":"https:\/\/onlineacademy.novakdjokovicfoundation.org\/wp-content\/uploads\/2021\/02\/49083992732_30bdd5ce6e_c.jpg"},{"@type":"BreadcrumbList","@id":"https:\/\/onlineacademy.novakdjokovicfoundation.org\/en\/about-online-academy\/#breadcrumb","itemListElement":[{"@type":"ListItem","position":1,"name":"Home","item":"https:\/\/onlineacademy.novakdjokovicfoundation.org\/en\/"},{"@type":"ListItem","position":2,"name":"About Online Academy"}]},{"@type":"WebSite","@id":"https:\/\/onlineacademy.novakdjokovicfoundation.org\/en\/#website","url":"https:\/\/onlineacademy.novakdjokovicfoundation.org\/en\/","name":"NDF Online Akademija","description":"Mesto koje poma\u017ee tvojoj porodici da raste","potentialAction":[{"@type":"SearchAction","target":{"@type":"EntryPoint","urlTemplate":"https:\/\/onlineacademy.novakdjokovicfoundation.org\/en\/?s={search_term_string}"},"query-input":{"@type":"PropertyValueSpecification","valueRequired":true,"valueName":"search_term_string"}}],"inLanguage":"en-US"}]}},"_links":{"self":[{"href":"https:\/\/onlineacademy.novakdjokovicfoundation.org\/en\/wp-json\/wp\/v2\/pages\/3778","targetHints":{"allow":["GET"]}}],"collection":[{"href":"https:\/\/onlineacademy.novakdjokovicfoundation.org\/en\/wp-json\/wp\/v2\/pages"}],"about":[{"href":"https:\/\/onlineacademy.novakdjokovicfoundation.org\/en\/wp-json\/wp\/v2\/types\/page"}],"author":[{"embeddable":true,"href":"https:\/\/onlineacademy.novakdjokovicfoundation.org\/en\/wp-json\/wp\/v2\/users\/3229"}],"replies":[{"embeddable":true,"href":"https:\/\/onlineacademy.novakdjokovicfoundation.org\/en\/wp-json\/wp\/v2\/comments?post=3778"}],"version-history":[{"count":11,"href":"https:\/\/onlineacademy.novakdjokovicfoundation.org\/en\/wp-json\/wp\/v2\/pages\/3778\/revisions"}],"predecessor-version":[{"id":3845,"href":"https:\/\/onlineacademy.novakdjokovicfoundation.org\/en\/wp-json\/wp\/v2\/pages\/3778\/revisions\/3845"}],"wp:attachment":[{"href":"https:\/\/onlineacademy.novakdjokovicfoundation.org\/en\/wp-json\/wp\/v2\/media?parent=3778"}],"curies":[{"name":"wp","href":"https:\/\/api.w.org\/{rel}","templated":true}]}}